{"id":631,"date":"2024-07-12T21:44:53","date_gmt":"2024-07-12T20:44:53","guid":{"rendered":"https:\/\/parkingeureka.es\/?page_id=631"},"modified":"2024-07-12T21:45:39","modified_gmt":"2024-07-12T20:45:39","slug":"aviso-legal","status":"publish","type":"page","link":"https:\/\/eurekaparking.com\/de\/aviso-legal\/","title":{"rendered":"rechtlicher Hinweis"},"content":{"rendered":"<div data-elementor-type=\"wp-page\" data-elementor-id=\"631\" class=\"elementor elementor-631\">\n\t\t\t\t\t\t<section class=\"elementor-section elementor-top-section elementor-element elementor-element-61da6b6 elementor-section-boxed elementor-section-height-default elementor-section-height-default\" data-id=\"61da6b6\" data-element_type=\"section\" id=\"services\" data-settings=\"{&quot;jet_parallax_layout_list&quot;:[{&quot;jet_parallax_layout_image&quot;:{&quot;url&quot;:&quot;&quot;,&quot;id&quot;:&quot;&quot;,&quot;size&quot;:&quot;&quot;},&quot;_id&quot;:&quot;57a7559&quot;,&quot;jet_parallax_layout_image_tablet&quot;:{&quot;url&quot;:&quot;&quot;,&quot;id&quot;:&quot;&quot;,&quot;size&quot;:&quot;&quot;},&quot;jet_parallax_layout_image_mobile&quot;:{&quot;url&quot;:&quot;&quot;,&quot;id&quot;:&quot;&quot;,&quot;size&quot;:&quot;&quot;},&quot;jet_parallax_layout_speed&quot;:{&quot;unit&quot;:&quot;%&quot;,&quot;size&quot;:&quot;50&quot;,&quot;sizes&quot;:[]},&quot;jet_parallax_layout_bg_x&quot;:&quot;50&quot;,&quot;jet_parallax_layout_bg_y&quot;:&quot;50&quot;,&quot;jet_parallax_layout_type&quot;:&quot;scroll&quot;,&quot;jet_parallax_layout_direction&quot;:null,&quot;jet_parallax_layout_fx_direction&quot;:null,&quot;jet_parallax_layout_z_index&quot;:&quot;&quot;,&quot;jet_parallax_layout_bg_x_tablet&quot;:&quot;&quot;,&quot;jet_parallax_layout_bg_x_mobile&quot;:&quot;&quot;,&quot;jet_parallax_layout_bg_y_tablet&quot;:&quot;&quot;,&quot;jet_parallax_layout_bg_y_mobile&quot;:&quot;&quot;,&quot;jet_parallax_layout_bg_size&quot;:&quot;auto&quot;,&quot;jet_parallax_layout_bg_size_tablet&quot;:&quot;&quot;,&quot;jet_parallax_layout_bg_size_mobile&quot;:&quot;&quot;,&quot;jet_parallax_layout_animation_prop&quot;:&quot;transform&quot;,&quot;jet_parallax_layout_on&quot;:[&quot;desktop&quot;,&quot;tablet&quot;]}]}\">\n\t\t\t\t\t\t<div class=\"elementor-container elementor-column-gap-default\">\n\t\t\t\t\t<div class=\"elementor-column elementor-col-100 elementor-top-column elementor-element elementor-element-2a9d19a\" data-id=\"2a9d19a\" data-element_type=\"column\">\n\t\t\t<div class=\"elementor-widget-wrap elementor-element-populated\">\n\t\t\t\t\t\t<div class=\"elementor-element elementor-element-6ffa7af elementor-mobile-align-center elementor-align-left elementor-widget elementor-widget-raven-heading\" data-id=\"6ffa7af\" data-element_type=\"widget\" data-widget_type=\"raven-heading.default\">\n\t\t\t\t<div class=\"elementor-widget-container\">\n\t\t\t\t\t<div class=\"raven-widget-wrapper\"><h2 class=\"raven-heading raven-heading-h2\"><span class=\"raven-heading-title\">rechtlicher Hinweis<\/span><\/h2><\/div>\n\t\t\t\t<\/div>\n\t\t\t\t<\/div>\n\t\t\t\t<div class=\"elementor-element elementor-element-a997deb elementor-widget-divider--view-line elementor-widget elementor-widget-divider\" data-id=\"a997deb\" data-element_type=\"widget\" data-widget_type=\"divider.default\">\n\t\t\t\t<div class=\"elementor-widget-container\">\n\t\t\t<style>\/*! elementor - v3.22.0 - 26-06-2024 *\/\n.elementor-widget-divider{--divider-border-style:none;--divider-border-width:1px;--divider-color:#0c0d0e;--divider-icon-size:20px;--divider-element-spacing:10px;--divider-pattern-height:24px;--divider-pattern-size:20px;--divider-pattern-url:none;--divider-pattern-repeat:repeat-x}.elementor-widget-divider .elementor-divider{display:flex}.elementor-widget-divider .elementor-divider__text{font-size:15px;line-height:1;max-width:95%}.elementor-widget-divider .elementor-divider__element{margin:0 var(--divider-element-spacing);flex-shrink:0}.elementor-widget-divider .elementor-icon{font-size:var(--divider-icon-size)}.elementor-widget-divider .elementor-divider-separator{display:flex;margin:0;direction:ltr}.elementor-widget-divider--view-line_icon .elementor-divider-separator,.elementor-widget-divider--view-line_text .elementor-divider-separator{align-items:center}.elementor-widget-divider--view-line_icon .elementor-divider-separator:after,.elementor-widget-divider--view-line_icon .elementor-divider-separator:before,.elementor-widget-divider--view-line_text .elementor-divider-separator:after,.elementor-widget-divider--view-line_text .elementor-divider-separator:before{display:block;content:\"\";border-block-end:0;flex-grow:1;border-block-start:var(--divider-border-width) var(--divider-border-style) var(--divider-color)}.elementor-widget-divider--element-align-left .elementor-divider .elementor-divider-separator>.elementor-divider__svg:first-of-type{flex-grow:0;flex-shrink:100}.elementor-widget-divider--element-align-left .elementor-divider-separator:before{content:none}.elementor-widget-divider--element-align-left .elementor-divider__element{margin-left:0}.elementor-widget-divider--element-align-right .elementor-divider .elementor-divider-separator>.elementor-divider__svg:last-of-type{flex-grow:0;flex-shrink:100}.elementor-widget-divider--element-align-right .elementor-divider-separator:after{content:none}.elementor-widget-divider--element-align-right .elementor-divider__element{margin-right:0}.elementor-widget-divider--element-align-start .elementor-divider .elementor-divider-separator>.elementor-divider__svg:first-of-type{flex-grow:0;flex-shrink:100}.elementor-widget-divider--element-align-start .elementor-divider-separator:before{content:none}.elementor-widget-divider--element-align-start .elementor-divider__element{margin-inline-start:0}.elementor-widget-divider--element-align-end .elementor-divider .elementor-divider-separator>.elementor-divider__svg:last-of-type{flex-grow:0;flex-shrink:100}.elementor-widget-divider--element-align-end .elementor-divider-separator:after{content:none}.elementor-widget-divider--element-align-end .elementor-divider__element{margin-inline-end:0}.elementor-widget-divider:not(.elementor-widget-divider--view-line_text):not(.elementor-widget-divider--view-line_icon) .elementor-divider-separator{border-block-start:var(--divider-border-width) var(--divider-border-style) var(--divider-color)}.elementor-widget-divider--separator-type-pattern{--divider-border-style:none}.elementor-widget-divider--separator-type-pattern.elementor-widget-divider--view-line .elementor-divider-separator,.elementor-widget-divider--separator-type-pattern:not(.elementor-widget-divider--view-line) .elementor-divider-separator:after,.elementor-widget-divider--separator-type-pattern:not(.elementor-widget-divider--view-line) .elementor-divider-separator:before,.elementor-widget-divider--separator-type-pattern:not([class*=elementor-widget-divider--view]) .elementor-divider-separator{width:100%;min-height:var(--divider-pattern-height);-webkit-mask-size:var(--divider-pattern-size) 100%;mask-size:var(--divider-pattern-size) 100%;-webkit-mask-repeat:var(--divider-pattern-repeat);mask-repeat:var(--divider-pattern-repeat);background-color:var(--divider-color);-webkit-mask-image:var(--divider-pattern-url);mask-image:var(--divider-pattern-url)}.elementor-widget-divider--no-spacing{--divider-pattern-size:auto}.elementor-widget-divider--bg-round{--divider-pattern-repeat:round}.rtl .elementor-widget-divider .elementor-divider__text{direction:rtl}.e-con-inner>.elementor-widget-divider,.e-con>.elementor-widget-divider{width:var(--container-widget-width,100%);--flex-grow:var(--container-widget-flex-grow)}<\/style>\t\t<div class=\"elementor-divider\">\n\t\t\t<span class=\"elementor-divider-separator\">\n\t\t\t\t\t\t<\/span>\n\t\t<\/div>\n\t\t\t\t<\/div>\n\t\t\t\t<\/div>\n\t\t\t\t<div class=\"elementor-element elementor-element-2bf1595 elementor-widget elementor-widget-text-editor\" data-id=\"2bf1595\" data-element_type=\"widget\" data-widget_type=\"text-editor.default\">\n\t\t\t\t<div class=\"elementor-widget-container\">\n\t\t\t<style>\/*! elementor - v3.22.0 - 26-06-2024 *\/\n.elementor-widget-text-editor.elementor-drop-cap-view-stacked .elementor-drop-cap{background-color:#69727d;color:#fff}.elementor-widget-text-editor.elementor-drop-cap-view-framed .elementor-drop-cap{color:#69727d;border:3px solid;background-color:transparent}.elementor-widget-text-editor:not(.elementor-drop-cap-view-default) .elementor-drop-cap{margin-top:8px}.elementor-widget-text-editor:not(.elementor-drop-cap-view-default) .elementor-drop-cap-letter{width:1em;height:1em}.elementor-widget-text-editor .elementor-drop-cap{float:left;text-align:center;line-height:1;font-size:50px}.elementor-widget-text-editor .elementor-drop-cap-letter{display:inline-block}<\/style>\t\t\t\t<p>GESETZ \u00dcBER DIE DIENSTE DER INFORMATIONSGESELLSCHAFT (LSSI)<\/p><p>LUCKNOLDAN, S.L., verantwortlich f\u00fcr die Website, im Folgenden VERANTWORTLICHER, stellt den Benutzern dieses Dokument zur Verf\u00fcgung, mit dem sie beabsichtigt, die im Gesetz 34\/2002 vom 11. Juli \u00fcber die Dienste der Informationsgesellschaft und den elektronischen Gesch\u00e4ftsverkehr (LSSICE), BOE Nr. 166, festgelegten Verpflichtungen zu erf\u00fcllen und alle Benutzer der Website \u00fcber die Nutzungsbedingungen zu informieren.<\/p><p>Jede Person, die auf diese Website zugreift, \u00fcbernimmt die Rolle des Nutzers und verpflichtet sich zur Einhaltung und strikten Einhaltung der hierin enthaltenen Bestimmungen sowie aller anderen anwendbaren gesetzlichen Bestimmungen.<\/p><p>LUCKNOLDAN, S.L. beh\u00e4lt sich das Recht vor, jede Art von Informationen, die auf der Website erscheinen, zu \u00e4ndern, ohne dass eine Verpflichtung zur vorherigen Ank\u00fcndigung oder Information der Benutzer \u00fcber diese Verpflichtungen besteht, wobei davon ausgegangen wird, dass die Ver\u00f6ffentlichung auf der Website von EUREKA PARKING ausreichend ist.<\/p><p>1. IDENTIFIKATIONSDATEN<\/p><p>Domainname: www.eurekaparking.es <br \/>Handelsname: EUREKA PARKING. <br \/>Name der Firma: LUCKNOLDAN, S.L. <br \/>NIF: B55461206 <br \/>Eingetragener Sitz: Avenida Del Altet, 31, piso 7, Pta 4 \u2013 03208 Elche (Alicante) <br \/>Telefon: +34 623 314 984<br \/>e-mail: parkingeureka@gmail.com <br \/>Eingetragen im Handelsregister: Eintrag 1, Band 0, Buch 0, Folio 0, Abschnitt 0, Seite 191870<\/p><p>2. RECHTE AN GEISTIGEM UND GEWERBLICHEM EIGENTUM<\/p><p>Die Website, einschlie\u00dflich, aber nicht beschr\u00e4nkt auf ihre Programmierung, Bearbeitung, Zusammenstellung und andere Elemente, die f\u00fcr ihren Betrieb erforderlich sind, die Designs, Logos, Texte und\/oder Grafiken, sind Eigentum des VERANTWORTLICHEN oder verf\u00fcgen gegebenenfalls \u00fcber eine Lizenz oder eine ausdr\u00fcckliche Genehmigung der Autoren. Alle Inhalte der Website sind ordnungsgem\u00e4\u00df durch die Vorschriften \u00fcber geistiges und gewerbliches Eigentum gesch\u00fctzt und in den entsprechenden \u00f6ffentlichen Registern eingetragen.<\/p><p>Unabh\u00e4ngig von dem Zweck, f\u00fcr den sie bestimmt sind, bedarf die vollst\u00e4ndige oder teilweise Vervielf\u00e4ltigung, Nutzung, Verwertung, Verbreitung und Vermarktung in jedem Fall der vorherigen schriftlichen Genehmigung des VERANTWORTLICHEN. Jede zuvor unbefugte Nutzung wird als schwerwiegende Verletzung der geistigen oder gewerblichen Eigentumsrechte des Autors angesehen.<\/p><p>Los dise\u00f1os, logotipos, texto y\/o gr\u00e1ficos ajenos al RESPONSABLE y que pudieran aparecer en el sitio web, pertenecen a sus respectivos propietarios, siendo ellos mismos responsables de cualquier posible controversia que pudiera suscitarse respecto a los mismos.<\/p><p>Der VERANTWORTLICHE erm\u00e4chtigt Dritte ausdr\u00fccklich, direkt auf die spezifischen Inhalte der Website und in jedem Fall auf die Hauptwebsite von https:\/\/www.eurekaparking.es umzuleiten. Der VERANTWORTLICHE erkennt die entsprechenden Rechte an geistigem und gewerblichem Eigentum zugunsten ihrer Eigent\u00fcmer an, und ihre blo\u00dfe Erw\u00e4hnung oder ihr Erscheinen auf der Website impliziert weder das Bestehen von Rechten oder Verantwortlichkeiten an ihnen noch eine Unterst\u00fctzung, F\u00f6rderung oder Empfehlung durch sie.<\/p><p>Um jede Art von Bemerkungen in Bezug auf m\u00f6gliche Verletzungen von Rechten an geistigem oder gewerblichem Eigentum sowie von Inhalten der Website zu machen, k\u00f6nnen Sie dies per E-Mail tun parkingeureka@gmail.com<\/p><p>3. HAFTUNGSAUSSCHLUSS<\/p><p>Der VERANTWORTLICHE ist von jeglicher Haftung befreit, die sich aus den auf seiner Website ver\u00f6ffentlichten Informationen ergibt, sofern diese Informationen von einem Dritten, der nicht mit ihm in Verbindung steht, manipuliert oder eingef\u00fchrt wurden.<\/p><p>Verwendung von Cookies<\/p><p>Diese Website kann technische Cookies (kleine Informationsdateien, die der Server an den Computer der Person sendet, die auf die Seite zugreift) verwenden, um bestimmte Funktionen auszuf\u00fchren, die f\u00fcr das korrekte Funktionieren und die Anzeige der Website als wesentlich angesehen werden. Die verwendeten Cookies sind in jedem Fall tempor\u00e4r, mit dem alleinigen Zweck, das Surfen effizienter zu gestalten, und verschwinden am Ende der Sitzung des Benutzers. Diese Cookies liefern unter keinen Umst\u00e4nden personenbezogene Daten und werden nicht zu deren Erhebung verwendet.<\/p><p>Durch die Verwendung von Cookies ist es auch m\u00f6glich, dass der Server, auf dem sich die Website befindet, den vom Benutzer verwendeten Browser erkennt, um das Surfen zu erleichtern und beispielsweise Benutzern, die sich zuvor registriert haben, den Zugriff auf die Bereiche, Dienstleistungen, Werbeaktionen oder Wettbewerbe zu erm\u00f6glichen, die ausschlie\u00dflich f\u00fcr sie reserviert sind, ohne sich bei jedem Besuch registrieren zu m\u00fcssen. Sie k\u00f6nnen auch verwendet werden, um das Publikum und die Verkehrsparameter zu messen, den Fortschritt und die Anzahl der Eintr\u00e4ge zu kontrollieren usw., wobei es sich in diesen F\u00e4llen um Cookies handelt, die technisch entbehrlich, aber f\u00fcr den Benutzer von Vorteil sind. Diese Website installiert keine entbehrlichen Cookies ohne vorherige Zustimmung des Benutzers.<\/p><p>Der Benutzer hat die M\u00f6glichkeit, seinen Browser so zu konfigurieren, dass er \u00fcber den Empfang von Cookies informiert wird und deren Installation auf seinem Computer verhindert. Weitere Informationen finden Sie in den Anweisungen Ihres Browsers.<\/p><p>Link-Richtlinie<\/p><p>Von der Website aus werden Sie m\u00f6glicherweise zu Inhalten von Websites Dritter weitergeleitet. Da der VERANTWORTLICHE die von Dritten auf ihren jeweiligen Websites eingestellten Inhalte nicht immer kontrollieren kann, \u00fcbernimmt er keine Haftung f\u00fcr diese Inhalte. In jedem Fall wird er alle Inhalte, die gegen nationale oder internationale Gesetze, die Moral oder die \u00f6ffentliche Ordnung versto\u00dfen k\u00f6nnten, unverz\u00fcglich entfernen, die Weiterleitung auf diese Website unverz\u00fcglich entfernen und die zust\u00e4ndigen Beh\u00f6rden \u00fcber den betreffenden Inhalt informieren.<\/p><p>Der VERANTWORTLICHE ist nicht verantwortlich f\u00fcr die Informationen und Inhalte, die in Foren, Chats, Blog-Generatoren, Kommentaren, sozialen Netzwerken oder anderen Mitteln gespeichert sind, die es Dritten erm\u00f6glichen, Inhalte unabh\u00e4ngig auf der Website des VERANTWORTLICHEN zu ver\u00f6ffentlichen. In \u00dcbereinstimmung mit den Bestimmungen der Artikel 11 und 16 des LSSICE werden sie jedoch allen Nutzern, Beh\u00f6rden und Sicherheitskr\u00e4ften zur Verf\u00fcgung gestellt, die aktiv an der Entfernung oder gegebenenfalls Sperrung aller Inhalte mitwirken, die nationale oder internationale Gesetze beeintr\u00e4chtigen oder dagegen versto\u00dfen k\u00f6nnten.  die Rechte Dritter oder die Moral und die \u00f6ffentliche Ordnung. F\u00fcr den Fall, dass der Benutzer der Ansicht ist, dass es auf der Website Inhalte gibt, die f\u00fcr diese Klassifizierung anf\u00e4llig sein k\u00f6nnten, benachrichtigen Sie bitte unverz\u00fcglich den Administrator der Website.<\/p><p>Diese Website wurde \u00fcberpr\u00fcft und getestet, um ordnungsgem\u00e4\u00df zu funktionieren. Prinzipiell kann ein ordnungsgem\u00e4\u00dfer Betrieb an 365 Tagen im Jahr, 24 Stunden am Tag gew\u00e4hrleistet werden. Der VERANTWORTLICHE schlie\u00dft jedoch nicht aus, dass bestimmte Programmierfehler vorliegen oder dass h\u00f6here Gewalt, Naturkatastrophen, Streiks oder \u00e4hnliche Umst\u00e4nde vorliegen, die den Zugriff auf die Website unm\u00f6glich machen.<\/p><p>IP-Adressen<\/p><p>Die Server der Website k\u00f6nnen die vom Benutzer verwendete IP-Adresse und den Domainnamen automatisch erkennen. Eine IP-Adresse ist eine Nummer, die einem Computer automatisch zugewiesen wird, wenn er eine Verbindung zum Internet herstellt. Alle diese Informationen werden in einer ordnungsgem\u00e4\u00df registrierten Serveraktivit\u00e4tsdatei gespeichert, die die anschlie\u00dfende Verarbeitung der Daten erm\u00f6glicht, um nur statistische Messungen zu erhalten, die es uns erm\u00f6glichen, die Anzahl der Seitenaufrufe, die Anzahl der Besuche auf den Webservern, die Reihenfolge der Besuche, den Zugangspunkt usw. zu kennen.  etc.<\/p><p>4. ANWENDBARES RECHT UND GERICHTSSTAND<\/p><p>F\u00fcr die Beilegung aller Streitigkeiten oder Fragen im Zusammenhang mit dieser Website oder den auf ihr durchgef\u00fchrten Aktivit\u00e4ten gilt spanisches Recht, dem sich die Parteien, zust\u00e4ndig f\u00fcr die Beilegung aller Konflikte, die sich aus oder im Zusammenhang mit ihrer Nutzung ergeben, ausdr\u00fccklich den Gerichten des Wohnsitzes des NUTZERS oder dem Ort der Erf\u00fcllung der Verpflichtung unterwerfen<\/p>\t\t\t\t\t\t<\/div>\n\t\t\t\t<\/div>\n\t\t\t\t\t<\/div>\n\t\t<\/div>\n\t\t\t\t\t<\/div>\n\t\t<\/section>\n\t\t\t\t<\/div>","protected":false},"excerpt":{"rendered":"<p>Aviso legal LEY DE LOS SERVICIOS DE LA SOCIEDAD DE LA INFORMACI\u00d3N (LSSI) LUCKNOLDAN, S.L., responsable del sitio web, en adelante RESPONSABLE, pone a disposici\u00f3n de los usuarios el presente documento, con el que pretende dar cumplimiento a las obligaciones dispuestas en la Ley 34\/2002, de 11 de julio, de Servicios de la Sociedad de [&hellip;]<\/p>","protected":false},"author":1,"featured_media":0,"parent":0,"menu_order":0,"comment_status":"closed","ping_status":"closed","template":"full-width.php","meta":{"_acf_changed":false,"footnotes":""},"class_list":["post-631","page","type-page","status-publish","hentry"],"acf":[],"_links":{"self":[{"href":"https:\/\/eurekaparking.com\/de\/wp-json\/wp\/v2\/pages\/631","targetHints":{"allow":["GET"]}}],"collection":[{"href":"https:\/\/eurekaparking.com\/de\/wp-json\/wp\/v2\/pages"}],"about":[{"href":"https:\/\/eurekaparking.com\/de\/wp-json\/wp\/v2\/types\/page"}],"author":[{"embeddable":true,"href":"https:\/\/eurekaparking.com\/de\/wp-json\/wp\/v2\/users\/1"}],"replies":[{"embeddable":true,"href":"https:\/\/eurekaparking.com\/de\/wp-json\/wp\/v2\/comments?post=631"}],"version-history":[{"count":4,"href":"https:\/\/eurekaparking.com\/de\/wp-json\/wp\/v2\/pages\/631\/revisions"}],"predecessor-version":[{"id":635,"href":"https:\/\/eurekaparking.com\/de\/wp-json\/wp\/v2\/pages\/631\/revisions\/635"}],"wp:attachment":[{"href":"https:\/\/eurekaparking.com\/de\/wp-json\/wp\/v2\/media?parent=631"}],"curies":[{"name":"wp","href":"https:\/\/api.w.org\/{rel}","templated":true}]}}